{"id":612,"date":"2022-05-31T08:25:56","date_gmt":"2022-05-31T08:25:56","guid":{"rendered":"https:\/\/sprzedawajwniemczech.pl\/?page_id=612"},"modified":"2022-05-31T09:13:30","modified_gmt":"2022-05-31T09:13:30","slug":"niemiecki-adres-do-wysylek-i-zwrotow","status":"publish","type":"page","link":"https:\/\/sprzedawajwniemczech.pl\/index.php\/niemiecki-adres-do-wysylek-i-zwrotow\/","title":{"rendered":"Niemiecki Adres do Wysy\u0142ek i Zwrot\u00f3w"},"content":{"rendered":"<p>[et_pb_section fb_built=&#8221;1&#8243; fullwidth=&#8221;on&#8221; _builder_version=&#8221;4.17.3&#8243; _module_preset=&#8221;default&#8221; use_background_color_gradient=&#8221;on&#8221; background_color_gradient_stops=&#8221;rgba(0,0,0,0.51) 0%|rgba(0,0,0,0.5) 100%&#8221; background_color_gradient_overlays_image=&#8221;on&#8221; background_image=&#8221;https:\/\/sprzedawajwniemczech.pl\/wp-content\/uploads\/2022\/05\/group-diverse-people-having-business-meeting.webp&#8221; custom_padding=&#8221;||50px||false|false&#8221; global_colors_info=&#8221;{}&#8221;][et_pb_fullwidth_post_title meta=&#8221;off&#8221; _builder_version=&#8221;4.17.3&#8243; _module_preset=&#8221;default&#8221; title_font=&#8221;Raleway|700||on|||||&#8221; title_text_align=&#8221;center&#8221; title_text_color=&#8221;#FFFFFF&#8221; title_font_size=&#8221;35px&#8221; title_letter_spacing=&#8221;4px&#8221; global_colors_info=&#8221;{}&#8221;][\/et_pb_fullwidth_post_title][\/et_pb_section][et_pb_section fb_built=&#8221;1&#8243; admin_label=&#8221;About&#8221; _builder_version=&#8221;4.16&#8243; _module_preset=&#8221;default&#8221; custom_padding=&#8221;90px||0px|||&#8221; global_colors_info=&#8221;{}&#8221;][et_pb_row column_structure=&#8221;1_2,1_2&#8243; _builder_version=&#8221;4.16&#8243; _module_preset=&#8221;default&#8221; custom_margin=&#8221;|||&#8221; custom_padding=&#8221;|||&#8221; global_colors_info=&#8221;{}&#8221;][et_pb_column type=&#8221;1_2&#8243; _builder_version=&#8221;4.16&#8243; _module_preset=&#8221;default&#8221; custom_padding=&#8221;|||&#8221; global_colors_info=&#8221;{}&#8221; custom_padding__hover=&#8221;|||&#8221;][et_pb_image src=&#8221;https:\/\/sprzedawajwniemczech.pl\/wp-content\/uploads\/2022\/05\/delivery-man-with-clipboard.webp&#8221; title_text=&#8221;delivery-man-with-clipboard&#8221; _builder_version=&#8221;4.17.3&#8243; _module_preset=&#8221;default&#8221; box_shadow_style=&#8221;preset2&#8243; global_colors_info=&#8221;{}&#8221;][\/et_pb_image][\/et_pb_column][et_pb_column type=&#8221;1_2&#8243; _builder_version=&#8221;4.16&#8243; _module_preset=&#8221;default&#8221; custom_padding=&#8221;|||&#8221; global_colors_info=&#8221;{}&#8221; custom_padding__hover=&#8221;|||&#8221;][et_pb_text admin_label=&#8221;Subtitle&#8221; _builder_version=&#8221;4.17.3&#8243; _module_preset=&#8221;default&#8221; text_font=&#8221;Montserrat|500||on|||||&#8221; text_text_color=&#8221;rgba(0,0,0,0.25)&#8221; header_font=&#8221;||||||||&#8221; animation_style=&#8221;fade&#8221; text_orientation_tablet=&#8221;&#8221; text_orientation_phone=&#8221;center&#8221; text_orientation_last_edited=&#8221;on|phone&#8221; global_colors_info=&#8221;{}&#8221;]<\/p>\n<p>Us\u0142ugi<\/p>\n<p>[\/et_pb_text][et_pb_divider color=&#8221;#E02B20&#8243; divider_weight=&#8221;3px&#8221; _builder_version=&#8221;4.17.3&#8243; _module_preset=&#8221;default&#8221; width=&#8221;44%&#8221; custom_margin=&#8221;||-2px|||&#8221; global_colors_info=&#8221;{}&#8221;][\/et_pb_divider][et_pb_text admin_label=&#8221;Title&#8221; _builder_version=&#8221;4.17.3&#8243; _module_preset=&#8221;default&#8221; text_font=&#8221;Open Sans||||||||&#8221; text_text_color=&#8221;rgba(0,0,0,0.67)&#8221; text_font_size=&#8221;15px&#8221; text_line_height=&#8221;1.8em&#8221; header_font=&#8221;||||||||&#8221; header_2_font=&#8221;Raleway|600|||||||&#8221; header_2_font_size=&#8221;34px&#8221; header_2_line_height=&#8221;1.4em&#8221; max_width=&#8221;700px&#8221; module_alignment=&#8221;center&#8221; animation_direction=&#8221;right&#8221; header_2_text_align_tablet=&#8221;&#8221; header_2_text_align_phone=&#8221;center&#8221; header_2_text_align_last_edited=&#8221;on|phone&#8221; text_orientation_tablet=&#8221;&#8221; text_orientation_phone=&#8221;center&#8221; text_orientation_last_edited=&#8221;on|phone&#8221; global_colors_info=&#8221;{}&#8221;]<\/p>\n<h2>Niemiecki adres do wysy\u0142ek i zwrot\u00f3w<\/h2>\n<div class=\"wpb_text_column wpb_content_element \">\n<div class=\"wpb_wrapper\">\n<p><span style=\"font-size: 15px;\">Oferujemy niemiecki adres do wysy\u0142ki oraz zwrot\u00f3w, wynajem powierzchni magazynowej oraz biurowej, obs\u0142ug\u0119 korespondencji i zwrot\u00f3w, doradztwo e-commerce, mo\u017cliwo\u015b\u0107 rejestracji niemieckiego oddzia\u0142u firmy.<\/span><span><\/span><\/p>\n<p><span><\/span><\/p>\n<p><span>Warto pami\u0119ta\u0107, \u017ce wi\u0119ksze zadowolenie klienta oznacza wy\u017cszy poziom sprzeda\u017cy i wi\u0119ksze zyski. Aby wi\u0119c czerpa\u0107 rzeczywiste korzy\u015bci z firmy w Niemczech, koniecznie nale\u017cy w pierwszej kolejno\u015bci zadba\u0107 o potrzeby klienta. Niezwykle wa\u017cna dla konsumenta jest czytelna polityka firmy, a przede wszystkim szczeg\u00f3\u0142y dotycz\u0105ce wysy\u0142ki i zwrot\u00f3w. Informacje adresowe, jak te\u017c ca\u0142y regulamin wysy\u0142ki i zwrot\u00f3w to podstawa, kt\u00f3ra pozwala budowa\u0107 zaufanie. Niemiecki adres do wysy\u0142ek i zwrot\u00f3w jest wi\u0119c istotny tak\u017ce ze wzgl\u0119du na wygod\u0119 klienta. Jasno okre\u015blone koszty, a tak\u017ce skonkretyzowany czas wysy\u0142ki z pewno\u015bci\u0105 pozytywnie wp\u0142yn\u0105 na decyzj\u0119 o zakupie. W przypadku wi\u0119kszo\u015bci biznes\u00f3w e-commerce towary mog\u0105 by\u0107 z powodzeniem sprzedawane klientom w ca\u0142ej UE, jak te\u017c spoza jej granic. Oczywi\u015bcie, niemiecki adres do wysy\u0142ek i zwrot\u00f3w ma ogromne znaczenie zw\u0142aszcza w sytuacji, gdy grupa docelowa to konsumenci niemieccy. Bez w\u0105tpienia rodzima marka w ka\u017cdym kraju cieszy si\u0119 wi\u0119kszym zaufaniem klient\u00f3w.<\/span><\/p>\n<div class=\"yj6qo ajU\"><\/div>\n<p><span><\/span><\/p>\n<\/div>\n<\/div>\n<p>[\/et_pb_text][\/et_pb_column][\/et_pb_row][\/et_pb_section][et_pb_section fb_built=&#8221;1&#8243; admin_label=&#8221;Sponsors&#8221; _builder_version=&#8221;4.17.3&#8243; _module_preset=&#8221;default&#8221; custom_padding=&#8221;54px|0px|90px|0px&#8221; global_colors_info=&#8221;{}&#8221;][\/et_pb_section][et_pb_section fb_built=&#8221;1&#8243; admin_label=&#8221;Register&#8221; _builder_version=&#8221;4.17.3&#8243; _module_preset=&#8221;default&#8221; use_background_color_gradient=&#8221;on&#8221; background_color_gradient_direction=&#8221;240deg&#8221; background_color_gradient_stops=&#8221;#ffffff 0%|rgba(255,255,255,0.83) 100%&#8221; background_color_gradient_overlays_image=&#8221;on&#8221; background_color_gradient_start=&#8221;#ffffff&#8221; background_color_gradient_end=&#8221;rgba(255,255,255,0.86)&#8221; background_image=&#8221;https:\/\/sprzedawajwniemczech.pl\/wp-content\/uploads\/2022\/05\/close-up-documents-with-businessmen-blurred-background.webp&#8221; background_position=&#8221;top_center&#8221; custom_padding=&#8221;90px||90px|&#8221; animation_style=&#8221;slide&#8221; animation_direction=&#8221;bottom&#8221; animation_intensity_slide=&#8221;10%&#8221; animation_starting_opacity=&#8221;100%&#8221; global_module=&#8221;102&#8243; saved_tabs=&#8221;all&#8221; locked=&#8221;off&#8221; global_colors_info=&#8221;{}&#8221;][et_pb_row _builder_version=&#8221;4.17.3&#8243; _module_preset=&#8221;default&#8221; global_colors_info=&#8221;{}&#8221;][et_pb_column type=&#8221;4_4&#8243; _builder_version=&#8221;4.17.3&#8243; _module_preset=&#8221;default&#8221; global_colors_info=&#8221;{}&#8221;][et_pb_text admin_label=&#8221;Subtitle&#8221; _builder_version=&#8221;4.17.3&#8243; _module_preset=&#8221;default&#8221; text_font=&#8221;Montserrat|500||on|||||&#8221; text_text_color=&#8221;rgba(0,0,0,0.25)&#8221; text_orientation=&#8221;center&#8221; animation_style=&#8221;fade&#8221; global_colors_info=&#8221;{}&#8221;]<\/p>\n<p>Zapraszamy do kontaktu<\/p>\n<p>[\/et_pb_text][et_pb_text admin_label=&#8221;Title&#8221; _builder_version=&#8221;4.17.3&#8243; _module_preset=&#8221;default&#8221; text_font=&#8221;||||||||&#8221; header_font=&#8221;||||||||&#8221; header_2_font=&#8221;Raleway|500|||||||&#8221; header_2_text_align=&#8221;center&#8221; header_2_font_size=&#8221;30px&#8221; animation_style=&#8221;fade&#8221; global_colors_info=&#8221;{}&#8221;]<\/p>\n<h2>Kontakt<\/h2>\n<p>[\/et_pb_text][et_pb_divider color=&#8221;#E02B20&#8243; divider_weight=&#8221;3px&#8221; _builder_version=&#8221;4.17.3&#8243; _module_preset=&#8221;default&#8221; max_width=&#8221;80px&#8221; module_alignment=&#8221;center&#8221; animation_style=&#8221;fade&#8221; global_colors_info=&#8221;{}&#8221;][\/et_pb_divider][\/et_pb_column][\/et_pb_row][et_pb_row column_structure=&#8221;1_2,1_2&#8243; _builder_version=&#8221;4.16&#8243; _module_preset=&#8221;default&#8221; global_colors_info=&#8221;{}&#8221;][et_pb_column type=&#8221;1_2&#8243; _builder_version=&#8221;4.16&#8243; _module_preset=&#8221;default&#8221; custom_padding=&#8221;|||&#8221; global_colors_info=&#8221;{}&#8221; custom_padding__hover=&#8221;|||&#8221;][et_pb_text _builder_version=&#8221;4.17.3&#8243; _module_preset=&#8221;default&#8221; text_font=&#8221;Montserrat||||||||&#8221; text_font_size=&#8221;16px&#8221; text_line_height=&#8221;1.8em&#8221; header_font=&#8221;||||||||&#8221; header_2_font_size=&#8221;24px&#8221; text_orientation=&#8221;center&#8221; max_width=&#8221;700px&#8221; module_alignment=&#8221;center&#8221; custom_margin=&#8221;||70px|&#8221; animation_style=&#8221;fade&#8221; global_colors_info=&#8221;{}&#8221;]<\/p>\n<h2 class=\"vc_custom_heading vc_custom_1576506005626\">Telefon<\/h2>\n<p class=\"vc_custom_heading vc_custom_1576506005626\"><a href=\"tel:+48665272611\">+ 48 665 272 611<\/a><\/p>\n<h2><span>Email<\/span><\/h2>\n<p><a href=\"mailto:kontakt@sprzedawajwniemczech.pl\">kontakt@sprzedawajwniemczech.pl<\/a><\/p>\n<h2><span>Adres:<\/span><\/h2>\n<p><span>Kleine Friedensstra\u00dfe 24, 15328 K\u00fcstriner Vorland,<br \/>OT K\u00fcstrin &#8211; Kietz<\/span><\/p>\n<p>[\/et_pb_text][\/et_pb_column][et_pb_column type=&#8221;1_2&#8243; _builder_version=&#8221;4.16&#8243; _module_preset=&#8221;default&#8221; custom_padding=&#8221;|||&#8221; global_colors_info=&#8221;{}&#8221; custom_padding__hover=&#8221;|||&#8221;][et_pb_contact_form use_spam_service=&#8221;on&#8221; recaptcha_list=&#8221;Default|Default-0&#8243; custom_message=&#8221;Wiadomo\u015b\u0107 od: %%name%%||et_pb_line_break_holder||||et_pb_line_break_holder||Email klienta to: %%email%%||et_pb_line_break_holder||||et_pb_line_break_holder||Tre\u015b\u0107 formularza to: %%message%%&#8221; _builder_version=&#8221;4.17.3&#8243; _module_preset=&#8221;default&#8221; _unique_id=&#8221;09781504-3e02-42cc-827b-227c931df0f3&#8243; custom_button=&#8221;on&#8221; button_text_color=&#8221;#FFFFFF&#8221; button_bg_color=&#8221;#E02B20&#8243; button_border_width=&#8221;0px&#8221; box_shadow_style=&#8221;preset3&#8243; global_colors_info=&#8221;{}&#8221;][et_pb_contact_field field_id=&#8221;Name&#8221; field_title=&#8221;Nazwa&#8221; _builder_version=&#8221;4.16&#8243; global_colors_info=&#8221;{}&#8221; button_text_size__hover_enabled=&#8221;off&#8221; button_one_text_size__hover_enabled=&#8221;off&#8221; button_two_text_size__hover_enabled=&#8221;off&#8221; button_text_color__hover_enabled=&#8221;off&#8221; button_one_text_color__hover_enabled=&#8221;off&#8221; button_two_text_color__hover_enabled=&#8221;off&#8221; button_border_width__hover_enabled=&#8221;off&#8221; button_one_border_width__hover_enabled=&#8221;off&#8221; button_two_border_width__hover_enabled=&#8221;off&#8221; button_border_color__hover_enabled=&#8221;off&#8221; button_one_border_color__hover_enabled=&#8221;off&#8221; button_two_border_color__hover_enabled=&#8221;off&#8221; button_border_radius__hover_enabled=&#8221;off&#8221; button_one_border_radius__hover_enabled=&#8221;off&#8221; button_two_border_radius__hover_enabled=&#8221;off&#8221; button_letter_spacing__hover_enabled=&#8221;off&#8221; button_one_letter_spacing__hover_enabled=&#8221;off&#8221; button_two_letter_spacing__hover_enabled=&#8221;off&#8221; button_bg_color__hover_enabled=&#8221;off&#8221; button_one_bg_color__hover_enabled=&#8221;off&#8221; button_two_bg_color__hover_enabled=&#8221;off&#8221;][\/et_pb_contact_field][et_pb_contact_field field_id=&#8221;Email&#8221; field_title=&#8221;Email&#8221; field_type=&#8221;email&#8221; _builder_version=&#8221;4.17.3&#8243; global_colors_info=&#8221;{}&#8221; button_text_size__hover_enabled=&#8221;off&#8221; button_one_text_size__hover_enabled=&#8221;off&#8221; button_two_text_size__hover_enabled=&#8221;off&#8221; button_text_color__hover_enabled=&#8221;off&#8221; button_one_text_color__hover_enabled=&#8221;off&#8221; button_two_text_color__hover_enabled=&#8221;off&#8221; button_border_width__hover_enabled=&#8221;off&#8221; button_one_border_width__hover_enabled=&#8221;off&#8221; button_two_border_width__hover_enabled=&#8221;off&#8221; button_border_color__hover_enabled=&#8221;off&#8221; button_one_border_color__hover_enabled=&#8221;off&#8221; button_two_border_color__hover_enabled=&#8221;off&#8221; button_border_radius__hover_enabled=&#8221;off&#8221; button_one_border_radius__hover_enabled=&#8221;off&#8221; button_two_border_radius__hover_enabled=&#8221;off&#8221; button_letter_spacing__hover_enabled=&#8221;off&#8221; button_one_letter_spacing__hover_enabled=&#8221;off&#8221; button_two_letter_spacing__hover_enabled=&#8221;off&#8221; button_bg_color__hover_enabled=&#8221;off&#8221; button_one_bg_color__hover_enabled=&#8221;off&#8221; button_two_bg_color__hover_enabled=&#8221;off&#8221;][\/et_pb_contact_field][et_pb_contact_field field_id=&#8221;Message&#8221; field_title=&#8221;Wiadomo\u015b\u0107&#8221; field_type=&#8221;text&#8221; fullwidth_field=&#8221;on&#8221; _builder_version=&#8221;4.16&#8243; global_colors_info=&#8221;{}&#8221; button_text_size__hover_enabled=&#8221;off&#8221; button_one_text_size__hover_enabled=&#8221;off&#8221; button_two_text_size__hover_enabled=&#8221;off&#8221; button_text_color__hover_enabled=&#8221;off&#8221; button_one_text_color__hover_enabled=&#8221;off&#8221; button_two_text_color__hover_enabled=&#8221;off&#8221; button_border_width__hover_enabled=&#8221;off&#8221; button_one_border_width__hover_enabled=&#8221;off&#8221; button_two_border_width__hover_enabled=&#8221;off&#8221; button_border_color__hover_enabled=&#8221;off&#8221; button_one_border_color__hover_enabled=&#8221;off&#8221; button_two_border_color__hover_enabled=&#8221;off&#8221; button_border_radius__hover_enabled=&#8221;off&#8221; button_one_border_radius__hover_enabled=&#8221;off&#8221; button_two_border_radius__hover_enabled=&#8221;off&#8221; button_letter_spacing__hover_enabled=&#8221;off&#8221; button_one_letter_spacing__hover_enabled=&#8221;off&#8221; button_two_letter_spacing__hover_enabled=&#8221;off&#8221; button_bg_color__hover_enabled=&#8221;off&#8221; button_one_bg_color__hover_enabled=&#8221;off&#8221; button_two_bg_color__hover_enabled=&#8221;off&#8221;][\/et_pb_contact_field][\/et_pb_contact_form][\/et_pb_column][\/et_pb_row][\/et_pb_section]<\/p>\n","protected":false},"excerpt":{"rendered":"<p>Us\u0142ugiNiemiecki adres do wysy\u0142ek i zwrot\u00f3w Oferujemy niemiecki adres do wysy\u0142ki oraz zwrot\u00f3w, wynajem powierzchni magazynowej oraz biurowej, obs\u0142ug\u0119 korespondencji i zwrot\u00f3w, doradztwo e-commerce, mo\u017cliwo\u015b\u0107 rejestracji niemieckiego oddzia\u0142u firmy. Warto pami\u0119ta\u0107, \u017ce wi\u0119ksze zadowolenie klienta oznacza wy\u017cszy poziom sprzeda\u017cy i wi\u0119ksze zyski. Aby wi\u0119c czerpa\u0107 rzeczywiste korzy\u015bci z firmy w Niemczech, koniecznie nale\u017cy w pierwszej [&hellip;]<\/p>\n","protected":false},"author":1,"featured_media":0,"parent":0,"menu_order":0,"comment_status":"closed","ping_status":"closed","template":"","meta":{"_et_pb_use_builder":"on","_et_pb_old_content":"","_et_gb_content_width":"","inline_featured_image":false},"_links":{"self":[{"href":"https:\/\/sprzedawajwniemczech.pl\/index.php\/wp-json\/wp\/v2\/pages\/612"}],"collection":[{"href":"https:\/\/sprzedawajwniemczech.pl\/index.php\/wp-json\/wp\/v2\/pages"}],"about":[{"href":"https:\/\/sprzedawajwniemczech.pl\/index.php\/wp-json\/wp\/v2\/types\/page"}],"author":[{"embeddable":true,"href":"https:\/\/sprzedawajwniemczech.pl\/index.php\/wp-json\/wp\/v2\/users\/1"}],"replies":[{"embeddable":true,"href":"https:\/\/sprzedawajwniemczech.pl\/index.php\/wp-json\/wp\/v2\/comments?post=612"}],"version-history":[{"count":6,"href":"https:\/\/sprzedawajwniemczech.pl\/index.php\/wp-json\/wp\/v2\/pages\/612\/revisions"}],"predecessor-version":[{"id":639,"href":"https:\/\/sprzedawajwniemczech.pl\/index.php\/wp-json\/wp\/v2\/pages\/612\/revisions\/639"}],"wp:attachment":[{"href":"https:\/\/sprzedawajwniemczech.pl\/index.php\/wp-json\/wp\/v2\/media?parent=612"}],"curies":[{"name":"wp","href":"https:\/\/api.w.org\/{rel}","templated":true}]}}